{"id":10046,"date":"2023-10-05T16:51:46","date_gmt":"2023-10-05T14:51:46","guid":{"rendered":"https:\/\/gbtcfinance.com\/app-cryptocurrencies-gbtc-pay\/"},"modified":"2026-02-24T17:23:38","modified_gmt":"2026-02-24T16:23:38","slug":"app-cryptocurrencies-gbtc-pay","status":"publish","type":"page","link":"http:\/\/35.234.143.93\/lt\/app-cryptocurrencies-gbtc-pay\/","title":{"rendered":"GBTC Pay"},"content":{"rendered":"\t\t<div data-elementor-type=\"wp-page\" data-elementor-id=\"10046\" class=\"elementor elementor-10046 elementor-1020\" data-elementor-post-type=\"page\">\n\t\t\t\t<div class=\"elementor-element elementor-element-4a82f8b e-flex e-con-boxed e-con e-parent\" data-id=\"4a82f8b\" data-element_type=\"container\" data-e-type=\"container\">\n\t\t\t\t\t<div class=\"e-con-inner\">\n\t\t\t\t<div class=\"elementor-element elementor-element-e88e059 elementor-widget-divider--view-line elementor-widget elementor-widget-divider\" data-id=\"e88e059\" data-element_type=\"widget\" data-e-type=\"widget\" data-widget_type=\"divider.default\">\n\t\t\t\t<div class=\"elementor-widget-container\">\n\t\t\t\t\t\t\t<div class=\"elementor-divider\">\n\t\t\t<span class=\"elementor-divider-separator\">\n\t\t\t\t\t\t<\/span>\n\t\t<\/div>\n\t\t\t\t\t\t<\/div>\n\t\t\t\t<\/div>\n\t\t\t\t<div class=\"elementor-element elementor-element-01d0fe3 elementor-widget elementor-widget-heading\" data-id=\"01d0fe3\" data-element_type=\"widget\" data-e-type=\"widget\" data-widget_type=\"heading.default\">\n\t\t\t\t<div class=\"elementor-widget-container\">\n\t\t\t\t\t<p class=\"elementor-heading-title elementor-size-default\">GBTC PAY<\/p>\t\t\t\t<\/div>\n\t\t\t\t<\/div>\n\t\t\t\t<div class=\"elementor-element elementor-element-4aaa77d elementor-widget elementor-widget-heading\" data-id=\"4aaa77d\" data-element_type=\"widget\" data-e-type=\"widget\" data-widget_type=\"heading.default\">\n\t\t\t\t<div class=\"elementor-widget-container\">\n\t\t\t\t\t<h1 class=\"elementor-heading-title elementor-size-default\">Geriausia cryptocurrency programa j\u016bs\u0173 verslui pl\u0117toti<\/h1>\t\t\t\t<\/div>\n\t\t\t\t<\/div>\n\t\t\t\t<div class=\"elementor-element elementor-element-aa16121 elementor-widget elementor-widget-text-editor\" data-id=\"aa16121\" data-element_type=\"widget\" data-e-type=\"widget\" data-widget_type=\"text-editor.default\">\n\t\t\t\t<div class=\"elementor-widget-container\">\n\t\t\t\t\t\t\t\t\t<p>Dabar galimyb\u0117 imti mokest\u012f i\u0161 klient\u0173 kriptovaliutomis j\u016bs\u0173 versle yra paprastesn\u0117 nei bet kada anks\u010diau.<\/p>\t\t\t\t\t\t\t\t<\/div>\n\t\t\t\t<\/div>\n\t\t\t\t\t<\/div>\n\t\t\t\t<\/div>\n\t\t<div class=\"elementor-element elementor-element-b9a6bc8 e-flex e-con-boxed e-con e-parent\" data-id=\"b9a6bc8\" data-element_type=\"container\" data-e-type=\"container\">\n\t\t\t\t\t<div class=\"e-con-inner\">\n\t\t<div class=\"elementor-element elementor-element-eac8c4d e-con-full e-flex e-con e-child\" data-id=\"eac8c4d\" data-element_type=\"container\" data-e-type=\"container\">\n\t\t\t\t<div class=\"elementor-element elementor-element-8a8a9b6 dce_masking-none elementor-widget elementor-widget-image\" data-id=\"8a8a9b6\" data-element_type=\"widget\" data-e-type=\"widget\" data-widget_type=\"image.default\">\n\t\t\t\t<div class=\"elementor-widget-container\">\n\t\t\t\t\t\t\t\t\t\t\t\t\t\t\t<img fetchpriority=\"high\" decoding=\"async\" width=\"687\" height=\"1024\" src=\"https:\/\/gbtcfinance.com\/wp-content\/uploads\/2026\/02\/Diseno_sin_titulo_-_2026-02-24T171120.670-687x1024.png\" class=\"attachment-large size-large wp-image-11653\" alt=\"registrarse\" srcset=\"https:\/\/gbtcfinance.com\/wp-content\/uploads\/2026\/02\/Diseno_sin_titulo_-_2026-02-24T171120.670-687x1024.png 687w, https:\/\/gbtcfinance.com\/wp-content\/uploads\/2026\/02\/Diseno_sin_titulo_-_2026-02-24T171120.670-201x300.png 201w, https:\/\/gbtcfinance.com\/wp-content\/uploads\/2026\/02\/Diseno_sin_titulo_-_2026-02-24T171120.670-768x1145.png 768w, https:\/\/gbtcfinance.com\/wp-content\/uploads\/2026\/02\/Diseno_sin_titulo_-_2026-02-24T171120.670.png 778w\" sizes=\"(max-width: 687px) 100vw, 687px\" \/>\t\t\t\t\t\t\t\t\t\t\t\t\t\t\t<\/div>\n\t\t\t\t<\/div>\n\t\t\t\t<\/div>\n\t\t<div class=\"elementor-element elementor-element-1212e43 e-con-full e-flex e-con e-child\" data-id=\"1212e43\" data-element_type=\"container\" data-e-type=\"container\">\n\t\t\t\t<div class=\"elementor-element elementor-element-fb3c3bb elementor-widget elementor-widget-heading\" data-id=\"fb3c3bb\" data-element_type=\"widget\" data-e-type=\"widget\" data-widget_type=\"heading.default\">\n\t\t\t\t<div class=\"elementor-widget-container\">\n\t\t\t\t\t<h2 class=\"elementor-heading-title elementor-size-default\">Kriptovaliut\u0173 mok\u0117jim\u0173 pri\u0117mimas vos per 3 \u017eingsnius<\/h2>\t\t\t\t<\/div>\n\t\t\t\t<\/div>\n\t\t<div data-dce-background-color=\"#E9581005\" class=\"elementor-element elementor-element-43009cc e-flex e-con-boxed e-con e-child\" data-id=\"43009cc\" data-element_type=\"container\" data-e-type=\"container\" data-settings=\"{&quot;background_background&quot;:&quot;gradient&quot;}\">\n\t\t\t\t\t<div class=\"e-con-inner\">\n\t\t\t\t<div data-dce-title-color=\"#E95810\" class=\"elementor-element elementor-element-79d1e77 elementor-widget elementor-widget-heading\" data-id=\"79d1e77\" data-element_type=\"widget\" data-e-type=\"widget\" data-widget_type=\"heading.default\">\n\t\t\t\t<div class=\"elementor-widget-container\">\n\t\t\t\t\t<p class=\"elementor-heading-title elementor-size-default\">1 \u017eingsnis<\/p>\t\t\t\t<\/div>\n\t\t\t\t<\/div>\n\t\t\t\t<div class=\"elementor-element elementor-element-ef4d1e0 elementor-widget-divider--view-line elementor-widget elementor-widget-divider\" data-id=\"ef4d1e0\" data-element_type=\"widget\" data-e-type=\"widget\" data-widget_type=\"divider.default\">\n\t\t\t\t<div class=\"elementor-widget-container\">\n\t\t\t\t\t\t\t<div class=\"elementor-divider\">\n\t\t\t<span class=\"elementor-divider-separator\">\n\t\t\t\t\t\t<\/span>\n\t\t<\/div>\n\t\t\t\t\t\t<\/div>\n\t\t\t\t<\/div>\n\t\t\t\t<div class=\"elementor-element elementor-element-a346fd2 elementor-widget elementor-widget-text-editor\" data-id=\"a346fd2\" data-element_type=\"widget\" data-e-type=\"widget\" data-widget_type=\"text-editor.default\">\n\t\t\t\t<div class=\"elementor-widget-container\">\n\t\t\t\t\t\t\t\t\t<p>Perveskite pasirinkt\u0105 sum\u0105 m\u016bs\u0173 GBTC Pay programoje.<\/p>\t\t\t\t\t\t\t\t<\/div>\n\t\t\t\t<\/div>\n\t\t\t\t\t<\/div>\n\t\t\t\t<\/div>\n\t\t<div data-dce-background-color=\"#E9581005\" class=\"elementor-element elementor-element-1e25d0f e-flex e-con-boxed e-con e-child\" data-id=\"1e25d0f\" data-element_type=\"container\" data-e-type=\"container\" data-settings=\"{&quot;background_background&quot;:&quot;gradient&quot;}\">\n\t\t\t\t\t<div class=\"e-con-inner\">\n\t\t\t\t<div data-dce-title-color=\"#E95810\" class=\"elementor-element elementor-element-e9b7146 elementor-widget elementor-widget-heading\" data-id=\"e9b7146\" data-element_type=\"widget\" data-e-type=\"widget\" data-widget_type=\"heading.default\">\n\t\t\t\t<div class=\"elementor-widget-container\">\n\t\t\t\t\t<p class=\"elementor-heading-title elementor-size-default\">2 \u017eingsnis<\/p>\t\t\t\t<\/div>\n\t\t\t\t<\/div>\n\t\t\t\t<div class=\"elementor-element elementor-element-2d02728 elementor-widget-divider--view-line elementor-widget elementor-widget-divider\" data-id=\"2d02728\" data-element_type=\"widget\" data-e-type=\"widget\" data-widget_type=\"divider.default\">\n\t\t\t\t<div class=\"elementor-widget-container\">\n\t\t\t\t\t\t\t<div class=\"elementor-divider\">\n\t\t\t<span class=\"elementor-divider-separator\">\n\t\t\t\t\t\t<\/span>\n\t\t<\/div>\n\t\t\t\t\t\t<\/div>\n\t\t\t\t<\/div>\n\t\t\t\t<div class=\"elementor-element elementor-element-453c910 elementor-widget elementor-widget-text-editor\" data-id=\"453c910\" data-element_type=\"widget\" data-e-type=\"widget\" data-widget_type=\"text-editor.default\">\n\t\t\t\t<div class=\"elementor-widget-container\">\n\t\t\t\t\t\t\t\t\t<p>Tegul klientas nuskaito <span style=\"color: #ff6600;\">QR kod\u0105<\/span>, kur\u012f rasite program\u0117l\u0117je.<\/p>\t\t\t\t\t\t\t\t<\/div>\n\t\t\t\t<\/div>\n\t\t\t\t\t<\/div>\n\t\t\t\t<\/div>\n\t\t<div data-dce-background-color=\"#E9581005\" class=\"elementor-element elementor-element-6d05695 e-flex e-con-boxed e-con e-child\" data-id=\"6d05695\" data-element_type=\"container\" data-e-type=\"container\" data-settings=\"{&quot;background_background&quot;:&quot;gradient&quot;}\">\n\t\t\t\t\t<div class=\"e-con-inner\">\n\t\t\t\t<div data-dce-title-color=\"#E95810\" class=\"elementor-element elementor-element-881d025 elementor-widget elementor-widget-heading\" data-id=\"881d025\" data-element_type=\"widget\" data-e-type=\"widget\" data-widget_type=\"heading.default\">\n\t\t\t\t<div class=\"elementor-widget-container\">\n\t\t\t\t\t<p class=\"elementor-heading-title elementor-size-default\">3 \u017eingsnis<\/p>\t\t\t\t<\/div>\n\t\t\t\t<\/div>\n\t\t\t\t<div class=\"elementor-element elementor-element-539cdb0 elementor-widget-divider--view-line elementor-widget elementor-widget-divider\" data-id=\"539cdb0\" data-element_type=\"widget\" data-e-type=\"widget\" data-widget_type=\"divider.default\">\n\t\t\t\t<div class=\"elementor-widget-container\">\n\t\t\t\t\t\t\t<div class=\"elementor-divider\">\n\t\t\t<span class=\"elementor-divider-separator\">\n\t\t\t\t\t\t<\/span>\n\t\t<\/div>\n\t\t\t\t\t\t<\/div>\n\t\t\t\t<\/div>\n\t\t\t\t<div class=\"elementor-element elementor-element-0246ee0 elementor-widget elementor-widget-text-editor\" data-id=\"0246ee0\" data-element_type=\"widget\" data-e-type=\"widget\" data-widget_type=\"text-editor.default\">\n\t\t\t\t<div class=\"elementor-widget-container\">\n\t\t\t\t\t\t\t\t\t<p>Per kelias sekundes gaukite pervedim\u0105 \u012f savo asmenin\u0119 s\u0105skait\u0105<\/p>\t\t\t\t\t\t\t\t<\/div>\n\t\t\t\t<\/div>\n\t\t\t\t\t<\/div>\n\t\t\t\t<\/div>\n\t\t\t\t<div class=\"elementor-element elementor-element-a78469c buttonPrimary elementor-mobile-align-center elementor-widget elementor-widget-button\" data-id=\"a78469c\" data-element_type=\"widget\" data-e-type=\"widget\" data-widget_type=\"button.default\">\n\t\t\t\t<div class=\"elementor-widget-container\">\n\t\t\t\t\t\t\t\t\t<div class=\"elementor-button-wrapper\">\n\t\t\t\t\t<a class=\"elementor-button elementor-button-link elementor-size-sm\" href=\"https:\/\/apps.apple.com\/es\/app\/gbtc-pay\/id6449705717\" rel=\"nofollow noopener\" target=\"_blank\">\n\t\t\t\t\t\t<span class=\"elementor-button-content-wrapper\">\n\t\t\t\t\t\t\t\t\t<span class=\"elementor-button-text\">Atsisi\u0173sti app<\/span>\n\t\t\t\t\t<\/span>\n\t\t\t\t\t<\/a>\n\t\t\t\t<\/div>\n\t\t\t\t\t\t\t\t<\/div>\n\t\t\t\t<\/div>\n\t\t\t\t<\/div>\n\t\t\t\t\t<\/div>\n\t\t\t\t<\/div>\n\t\t\t\t<\/div>\n\t\t","protected":false},"excerpt":{"rendered":"<p>GBTC PAY Geriausia cryptocurrency programa j\u016bs\u0173 verslui pl\u0117toti Dabar galimyb\u0117 imti mokest\u012f i\u0161 klient\u0173 kriptovaliutomis j\u016bs\u0173 versle yra paprastesn\u0117 nei bet kada anks\u010diau. Kriptovaliut\u0173 mok\u0117jim\u0173 pri\u0117mimas vos per 3 \u017eingsnius 1 \u017eingsnis Perveskite pasirinkt\u0105 sum\u0105 m\u016bs\u0173 GBTC Pay programoje. 2 \u017eingsnis Tegul klientas nuskaito QR kod\u0105, kur\u012f rasite program\u0117l\u0117je. 3 \u017eingsnis Per kelias sekundes gaukite [&hellip;]<\/p>\n","protected":false},"author":3,"featured_media":9662,"parent":0,"menu_order":0,"comment_status":"closed","ping_status":"closed","template":"elementor_header_footer","meta":{"content-type":"","footnotes":""},"class_list":["post-10046","page","type-page","status-publish","has-post-thumbnail","hentry"],"acf":[],"_links":{"self":[{"href":"http:\/\/35.234.143.93\/lt\/wp-json\/wp\/v2\/pages\/10046","targetHints":{"allow":["GET"]}}],"collection":[{"href":"http:\/\/35.234.143.93\/lt\/wp-json\/wp\/v2\/pages"}],"about":[{"href":"http:\/\/35.234.143.93\/lt\/wp-json\/wp\/v2\/types\/page"}],"author":[{"embeddable":true,"href":"http:\/\/35.234.143.93\/lt\/wp-json\/wp\/v2\/users\/3"}],"replies":[{"embeddable":true,"href":"http:\/\/35.234.143.93\/lt\/wp-json\/wp\/v2\/comments?post=10046"}],"version-history":[{"count":7,"href":"http:\/\/35.234.143.93\/lt\/wp-json\/wp\/v2\/pages\/10046\/revisions"}],"predecessor-version":[{"id":11668,"href":"http:\/\/35.234.143.93\/lt\/wp-json\/wp\/v2\/pages\/10046\/revisions\/11668"}],"wp:featuredmedia":[{"embeddable":true,"href":"http:\/\/35.234.143.93\/lt\/wp-json\/wp\/v2\/media\/9662"}],"wp:attachment":[{"href":"http:\/\/35.234.143.93\/lt\/wp-json\/wp\/v2\/media?parent=10046"}],"curies":[{"name":"wp","href":"https:\/\/api.w.org\/{rel}","templated":true}]}}